{"id":87,"date":"2018-05-08T04:46:16","date_gmt":"2018-05-08T04:46:16","guid":{"rendered":"http:\/\/maternidadporsubrogacion.com\/?page_id=87"},"modified":"2018-05-08T04:46:16","modified_gmt":"2018-05-08T04:46:16","slug":"gestacion-subrogada-en-mexico","status":"publish","type":"page","link":"https:\/\/maternidadporsubrogacion.com\/pt\/gestacion-subrogada-en-mexico\/","title":{"rendered":"Gestaci\u00f3n subrogada en M\u00e9xico"},"content":{"rendered":"<h2>Gestaci\u00f3n subrogada en M\u00e9xico<\/h2>\n<p>Cabe mencionar que la prohibici\u00f3n de la maternidad subrogada en el estado de Tabasco en 2016 no implica que este tipo de tratamientos haya sido prohibido en el resto del pa\u00eds. Se trata de un sistema federal en el que, al igual que en Estados Unidos, cada estado puede operar con cierto grado de independencia.<\/p>\n","protected":false},"excerpt":{"rendered":"<p>Gestaci\u00f3n subrogada en M\u00e9xico Cabe mencionar que la prohibici\u00f3n de la maternidad subrogada en el estado de Tabasco en 2016 no implica que este tipo de tratamientos haya sido prohibido en el resto del pa\u00eds. Se trata de un sistema federal en el que, al igual que en Estados Unidos, cada estado puede operar con [&hellip;]<\/p>\n","protected":false},"author":1,"featured_media":0,"parent":0,"menu_order":0,"comment_status":"closed","ping_status":"closed","template":"","meta":{"footnotes":""},"class_list":["post-87","page","type-page","status-publish","hentry"],"_links":{"self":[{"href":"https:\/\/maternidadporsubrogacion.com\/pt\/wp-json\/wp\/v2\/pages\/87","targetHints":{"allow":["GET"]}}],"collection":[{"href":"https:\/\/maternidadporsubrogacion.com\/pt\/wp-json\/wp\/v2\/pages"}],"about":[{"href":"https:\/\/maternidadporsubrogacion.com\/pt\/wp-json\/wp\/v2\/types\/page"}],"author":[{"embeddable":true,"href":"https:\/\/maternidadporsubrogacion.com\/pt\/wp-json\/wp\/v2\/users\/1"}],"replies":[{"embeddable":true,"href":"https:\/\/maternidadporsubrogacion.com\/pt\/wp-json\/wp\/v2\/comments?post=87"}],"version-history":[{"count":0,"href":"https:\/\/maternidadporsubrogacion.com\/pt\/wp-json\/wp\/v2\/pages\/87\/revisions"}],"wp:attachment":[{"href":"https:\/\/maternidadporsubrogacion.com\/pt\/wp-json\/wp\/v2\/media?parent=87"}],"curies":[{"name":"wp","href":"https:\/\/api.w.org\/{rel}","templated":true}]}}