{"id":56,"date":"2018-03-02T09:34:52","date_gmt":"2018-03-02T09:34:52","guid":{"rendered":"http:\/\/maternidadporsubrogacion.com\/?page_id=56"},"modified":"2023-06-01T09:13:46","modified_gmt":"2023-06-01T09:13:46","slug":"conozca-a-nuestro-equipo","status":"publish","type":"page","link":"https:\/\/maternidadporsubrogacion.com\/pt\/conozca-a-nuestro-equipo\/","title":{"rendered":"Conozca a nuestro equipo"},"content":{"rendered":"<h2>Conozca a nuestro equipo<\/h2>\n<p>En New Life somos un equipo de decenas de personas con un objetivo en com\u00fan: lograr que las personas que acudan a nosotros cumplan su sue\u00f1o de ser padres. Nos gu\u00eda un principio com\u00fan: conseguir que nuestros tratamientos finalicen siempre con el nacimiento de un beb\u00e9 sano. Para ello tratamos de cuidar de todas las partes implicadas en el proceso. <\/p>\n<p>[it-team-manager]<\/p>\n","protected":false},"excerpt":{"rendered":"<p>Conozca a nuestro equipo En New Life somos un equipo de decenas de personas con un objetivo en com\u00fan: lograr que las personas que acudan a nosotros cumplan su sue\u00f1o de ser padres. Nos gu\u00eda un principio com\u00fan: conseguir que nuestros tratamientos finalicen siempre con el nacimiento de un beb\u00e9 sano. Para ello tratamos de [&hellip;]<\/p>\n","protected":false},"author":1,"featured_media":0,"parent":0,"menu_order":0,"comment_status":"closed","ping_status":"closed","template":"","meta":{"footnotes":""},"class_list":["post-56","page","type-page","status-publish","hentry"],"_links":{"self":[{"href":"https:\/\/maternidadporsubrogacion.com\/pt\/wp-json\/wp\/v2\/pages\/56","targetHints":{"allow":["GET"]}}],"collection":[{"href":"https:\/\/maternidadporsubrogacion.com\/pt\/wp-json\/wp\/v2\/pages"}],"about":[{"href":"https:\/\/maternidadporsubrogacion.com\/pt\/wp-json\/wp\/v2\/types\/page"}],"author":[{"embeddable":true,"href":"https:\/\/maternidadporsubrogacion.com\/pt\/wp-json\/wp\/v2\/users\/1"}],"replies":[{"embeddable":true,"href":"https:\/\/maternidadporsubrogacion.com\/pt\/wp-json\/wp\/v2\/comments?post=56"}],"version-history":[{"count":6,"href":"https:\/\/maternidadporsubrogacion.com\/pt\/wp-json\/wp\/v2\/pages\/56\/revisions"}],"predecessor-version":[{"id":343,"href":"https:\/\/maternidadporsubrogacion.com\/pt\/wp-json\/wp\/v2\/pages\/56\/revisions\/343"}],"wp:attachment":[{"href":"https:\/\/maternidadporsubrogacion.com\/pt\/wp-json\/wp\/v2\/media?parent=56"}],"curies":[{"name":"wp","href":"https:\/\/api.w.org\/{rel}","templated":true}]}}