{"id":52,"date":"2018-03-02T09:32:48","date_gmt":"2018-03-02T09:32:48","guid":{"rendered":"http:\/\/maternidadporsubrogacion.com\/?page_id=52"},"modified":"2018-03-02T09:32:48","modified_gmt":"2018-03-02T09:32:48","slug":"legislacion","status":"publish","type":"page","link":"https:\/\/maternidadporsubrogacion.com\/pt\/legislacion\/","title":{"rendered":"Legislaci\u00f3n"},"content":{"rendered":"<h3>Legislaci\u00f3n<\/h3>\n<p> \u00a0 \u00a0<br \/>\nEn Argentina existe un vac\u00edo legal respecto a la maternidad subrogada, es decir que no hay una ley expresa que la permita, pero tampoco ninguna que la proh\u00edba. En New Life trabajamos son los mejores gabinetes jur\u00eddicos argentinos que le asesorar\u00e1n en cuanto a los tr\u00e1mites a realizar una vez de vuelta en el pa\u00eds. Por nuestra parte, contamos con departamentos de apoyo tras el nacimiento del beb\u00e9 que le facilitar\u00e1n toda la documentaci\u00f3n a presentar en el consulado argentino del pa\u00eds al que se dirija.<\/p>\n<p>New Life trabaja s\u00f3lo en pa\u00edses donde el marco legal de la maternidad subrogada est\u00e1 perfectamente establecido y d\u00f3nde las garant\u00edas legales para los padres de intenci\u00f3n son absolutas. <\/p>\n<p>En Ucrania, el art\u00edculo 123.2 del C\u00f3digo de Familia y la Orden N771 del Ministerio de Salud establecen los t\u00e9rminos y condiciones bajo los cuales una pareja puede optar a un tratamiento de maternidad subrogada. La ley ucraniana detalla adem\u00e1s los requisitos que debe cumplir una mujer para poder ser gestante.<\/p>\n<p>Asimismo ocurre en Georgia, pa\u00eds que cuenta con legislaci\u00f3n espec\u00edfica en materia de gestaci\u00f3n subrogada desde 1997. Al igual que en Ucrania, desde el mismo momento de la fecundaci\u00f3n in vitroel beb\u00e9 es oficialmente hijo de los padres de intenci\u00f3n. <\/p>\n<p>Kenya por su parte se ha convertido en un atractivo destino para padres solteros que quieren someterse a un tratamiento de maternidad subrogada.<\/p>\n<p>Lo que hace de Kenya un destino tan atractivo es que la gestaci\u00f3n por sustituci\u00f3n es completamente legal y asequible. Desde 2014,y de acuerdo con una decisi\u00f3n del Tribunal Supremo, inmediatamente tras firmar el contrato con la gestante los padres de intenci\u00f3n obtienen autom\u00e1ticamente los derechos de paternidad del beb\u00e9.<\/p>\n<p>Incluso antes de que el embri\u00f3n sea transferido al \u00fatero de la gestante, el contrato con la madre subrogada debe ser certificado ante notario en el Registro P\u00fablico (Huduma). La ley del pa\u00eds estipula que las madres por substituci\u00f3n no deben ser en ning\u00fan caso menores de 25 a\u00f1os.<\/p>\n<p>En M\u00e9xico cabe mencionar que la prohibici\u00f3n de la maternidad subrogada en el estado de Tabasco en 2016 no implica que este tipo de tratamientos haya sido prohibido en el resto del pa\u00eds. Se trata de un sistema federal en el que, al igual que en Estados Unidos, cada estado puede operar con cierto grado de independencia. <\/p>\n","protected":false},"excerpt":{"rendered":"<p>Legislaci\u00f3n \u00a0 \u00a0 En Argentina existe un vac\u00edo legal respecto a la maternidad subrogada, es decir que no hay una ley expresa que la permita, pero tampoco ninguna que la proh\u00edba. En New Life trabajamos son los mejores gabinetes jur\u00eddicos argentinos que le asesorar\u00e1n en cuanto a los tr\u00e1mites a realizar una vez de vuelta [&hellip;]<\/p>\n","protected":false},"author":1,"featured_media":0,"parent":0,"menu_order":0,"comment_status":"closed","ping_status":"closed","template":"","meta":{"footnotes":""},"class_list":["post-52","page","type-page","status-publish","hentry"],"_links":{"self":[{"href":"https:\/\/maternidadporsubrogacion.com\/pt\/wp-json\/wp\/v2\/pages\/52","targetHints":{"allow":["GET"]}}],"collection":[{"href":"https:\/\/maternidadporsubrogacion.com\/pt\/wp-json\/wp\/v2\/pages"}],"about":[{"href":"https:\/\/maternidadporsubrogacion.com\/pt\/wp-json\/wp\/v2\/types\/page"}],"author":[{"embeddable":true,"href":"https:\/\/maternidadporsubrogacion.com\/pt\/wp-json\/wp\/v2\/users\/1"}],"replies":[{"embeddable":true,"href":"https:\/\/maternidadporsubrogacion.com\/pt\/wp-json\/wp\/v2\/comments?post=52"}],"version-history":[{"count":0,"href":"https:\/\/maternidadporsubrogacion.com\/pt\/wp-json\/wp\/v2\/pages\/52\/revisions"}],"wp:attachment":[{"href":"https:\/\/maternidadporsubrogacion.com\/pt\/wp-json\/wp\/v2\/media?parent=52"}],"curies":[{"name":"wp","href":"https:\/\/api.w.org\/{rel}","templated":true}]}}