{"id":48,"date":"2018-03-02T09:32:23","date_gmt":"2018-03-02T09:32:23","guid":{"rendered":"http:\/\/maternidadporsubrogacion.com\/?page_id=48"},"modified":"2018-03-02T09:32:23","modified_gmt":"2018-03-02T09:32:23","slug":"donacion-de-ovulos","status":"publish","type":"page","link":"https:\/\/maternidadporsubrogacion.com\/pt\/donacion-de-ovulos\/","title":{"rendered":"Donaci\u00f3n  de  \u00f3vulos"},"content":{"rendered":"<h2>Donaci\u00f3n de \u00f3vulos<\/h2>\n<p>En New Life contamos con nuestro propio banco de donantes de \u00f3vulos. Estas deben mostrar un excelente estado de salud general adem\u00e1s de al menos 20 fol\u00edculos ov\u00e1ricos y elevados niveles de las hormonas relacionadas con la fertilidad. En algunos de los pa\u00edses donde trabajamos la donaci\u00f3n de \u00f3vulos no es an\u00f3nima y los padres de intenci\u00f3n tienen la posibilidad de entrevistar a sus candidatas preferidas ya sea por Skype o en persona.<\/p>\n<p>Los resultados que nuestras donantes obtuvieron en anteriores donaciones est\u00e1n disponibles en nuestro cat\u00e1logo online, as\u00ed como otros detalles sobre su historial m\u00e9dico y familiar. La elecci\u00f3n de donante es una de las piedras angulares de todo el proceso y en New Life tratamos de facilitar esta decisi\u00f3n aportando el mayor n\u00famero posible de elementos de juicio.<\/p>\n<p>Usted contar\u00e1 con una persona de apoyo que le asesorar\u00e1 y tratar\u00e1 de ayudarle a encontrar la donante cuyos rasgos mejor se adecuen a sus expectativas. <\/p>\n","protected":false},"excerpt":{"rendered":"<p>Donaci\u00f3n de \u00f3vulos En New Life contamos con nuestro propio banco de donantes de \u00f3vulos. Estas deben mostrar un excelente estado de salud general adem\u00e1s de al menos 20 fol\u00edculos ov\u00e1ricos y elevados niveles de las hormonas relacionadas con la fertilidad. En algunos de los pa\u00edses donde trabajamos la donaci\u00f3n de \u00f3vulos no es an\u00f3nima [&hellip;]<\/p>\n","protected":false},"author":1,"featured_media":0,"parent":0,"menu_order":0,"comment_status":"closed","ping_status":"closed","template":"","meta":{"footnotes":""},"class_list":["post-48","page","type-page","status-publish","hentry"],"_links":{"self":[{"href":"https:\/\/maternidadporsubrogacion.com\/pt\/wp-json\/wp\/v2\/pages\/48","targetHints":{"allow":["GET"]}}],"collection":[{"href":"https:\/\/maternidadporsubrogacion.com\/pt\/wp-json\/wp\/v2\/pages"}],"about":[{"href":"https:\/\/maternidadporsubrogacion.com\/pt\/wp-json\/wp\/v2\/types\/page"}],"author":[{"embeddable":true,"href":"https:\/\/maternidadporsubrogacion.com\/pt\/wp-json\/wp\/v2\/users\/1"}],"replies":[{"embeddable":true,"href":"https:\/\/maternidadporsubrogacion.com\/pt\/wp-json\/wp\/v2\/comments?post=48"}],"version-history":[{"count":0,"href":"https:\/\/maternidadporsubrogacion.com\/pt\/wp-json\/wp\/v2\/pages\/48\/revisions"}],"wp:attachment":[{"href":"https:\/\/maternidadporsubrogacion.com\/pt\/wp-json\/wp\/v2\/media?parent=48"}],"curies":[{"name":"wp","href":"https:\/\/api.w.org\/{rel}","templated":true}]}}