{"id":42,"date":"2018-03-02T09:31:04","date_gmt":"2018-03-02T09:31:04","guid":{"rendered":"http:\/\/maternidadporsubrogacion.com\/?page_id=42"},"modified":"2019-04-11T04:46:48","modified_gmt":"2019-04-11T04:46:48","slug":"gestacion-subrogada-para-gays","status":"publish","type":"page","link":"https:\/\/maternidadporsubrogacion.com\/pt\/gestacion-subrogada-para-gays\/","title":{"rendered":"Gestaci\u00f3n subrogada para gays"},"content":{"rendered":"<p>Estamos orgulhosos de ter ajudado in\u00fameras fam\u00edlias do mesmo sexo. Tornar os programas de sub-roga\u00e7\u00e3o acess\u00edveis e ating\u00edveis aos casais de todo o mundo \u00e9 o nosso principal objetivo. N\u00f3s lidamos com todos os tipos de poss\u00edveis problemas com anteced\u00eancia, apoiamos nossos pais de inten\u00e7\u00e3o mental e emocionalmente. <\/p>\n<h3>Nossa miss\u00e3o<\/h3>\n<p>Devido aos altos custos, v\u00e1rios casais do mesmo sexo n\u00e3o podem arcar com a sub-roga\u00e7\u00e3o nos Estados Unidos. No entanto, existem v\u00e1rias alternativas que s\u00e3o qualitativas e rent\u00e1veis. A New Life est\u00e1 orientada a oferecer servi\u00e7os de alta qualidade nos destinos mais apropriados e acess\u00edveis.<br \/>\nO caminho para a paternidade \u00e9 muito emocionante e a sub-roga\u00e7\u00e3o est\u00e1 ligada a v\u00e1rias emo\u00e7\u00f5es encontradas. A New Life padroniza e segue um estilo de trabalho organizado e operacional. \u00c9 de grande import\u00e2ncia abordar todos os problemas de maneira oportuna e proteger os pais da inten\u00e7\u00e3o de preocupa\u00e7\u00f5es adicionais, cargas, imprevistos e atrasos.<\/p>\n<p>No mundo da legisla\u00e7\u00e3o, a sub-roga\u00e7\u00e3o \u00e9 um campo relativamente novo e \u00e9 um assunto que muda com frequ\u00eancia. Com uma equipe de advogados e profissionais experientes, a New Life sempre trabalhar\u00e1 ativamente para evitar qualquer tipo de problemas legais.<\/p>\n<p>Estresse causado por fatores sociais (por exemplo, homofobia) pode \u00e0s vezes afetar a determina\u00e7\u00e3o e a motiva\u00e7\u00e3o dos pais de inten\u00e7\u00e3o. A New Life est\u00e1 l\u00e1 para fornecer n\u00e3o apenas assist\u00eancia m\u00e9dica e legal, mas tamb\u00e9m apoio emocional.<\/p>\n<h3>Ao longo da exist\u00eancia da nossa fam\u00edlia de sub-roga\u00e7\u00e3o:<\/h3>\n<ul>\n<li>Nunca tivemos rec\u00e9m-nascidos com anomalias gen\u00e9ticas<\/li>\n<li>Nunca uma m\u00e3e sub-rogada tentou reivindicar direitos de paternidade<\/li>\n<li>Apesar da natureza mutante da legisla\u00e7\u00e3o de sub-roga\u00e7\u00e3o e de mais de 7.000 beb\u00eas com m\u00e3es sub-rogadas\/doa\u00e7\u00e3o de \u00f3vulos, os pais nunca tiveram problemas em deixar o pa\u00eds<\/li>\n<li>Nunca tivemos uma m\u00e3e sub-rogada que n\u00e3o tenha recebido o apoio da fam\u00edlia, tenha se sentido abandonada ou desconfort\u00e1vel durante o programa<\/li>\n<li>Nunca nenhuma m\u00e3e sub-rogada morreu no parto<\/li>\n<li>Nunca uma m\u00e3e sub-rogada usou drogas, \u00e1lcool ou cigarros durante a gravidez<\/li>\n<li>N\u00f3s nunca tivemos um processo judicial, cumprir as responsabilidades contratuais no tempo \u00e9 da mais alta prioridade<\/li>\n<\/ul>\n<p>Depois da nossa dedica\u00e7\u00e3o, estamos muito satisfeitos em ver um n\u00famero de pacientes que retornam e querem investir ainda mais em suas fam\u00edlias. A New Life est\u00e1 dispon\u00edvel para casais gays e est\u00e1 empolgada por contribuir para o crescimento de suas fam\u00edlias. Por favor, entrem em contato conosco para mais informa\u00e7\u00f5es sobre nossos destinos de sub-roga\u00e7\u00e3o gay friendly. <\/p>\n","protected":false},"excerpt":{"rendered":"<p>Estamos orgulhosos de ter ajudado in\u00fameras fam\u00edlias do mesmo sexo. Tornar os programas de sub-roga\u00e7\u00e3o acess\u00edveis e ating\u00edveis aos casais de todo o mundo \u00e9 o nosso principal objetivo. N\u00f3s lidamos com todos os tipos de poss\u00edveis problemas com anteced\u00eancia, apoiamos nossos pais de inten\u00e7\u00e3o mental e emocionalmente. Nossa miss\u00e3o Devido aos altos custos, v\u00e1rios [&hellip;]<\/p>\n","protected":false},"author":1,"featured_media":0,"parent":0,"menu_order":0,"comment_status":"closed","ping_status":"closed","template":"","meta":{"footnotes":""},"class_list":["post-42","page","type-page","status-publish","hentry"],"_links":{"self":[{"href":"https:\/\/maternidadporsubrogacion.com\/pt\/wp-json\/wp\/v2\/pages\/42","targetHints":{"allow":["GET"]}}],"collection":[{"href":"https:\/\/maternidadporsubrogacion.com\/pt\/wp-json\/wp\/v2\/pages"}],"about":[{"href":"https:\/\/maternidadporsubrogacion.com\/pt\/wp-json\/wp\/v2\/types\/page"}],"author":[{"embeddable":true,"href":"https:\/\/maternidadporsubrogacion.com\/pt\/wp-json\/wp\/v2\/users\/1"}],"replies":[{"embeddable":true,"href":"https:\/\/maternidadporsubrogacion.com\/pt\/wp-json\/wp\/v2\/comments?post=42"}],"version-history":[{"count":2,"href":"https:\/\/maternidadporsubrogacion.com\/pt\/wp-json\/wp\/v2\/pages\/42\/revisions"}],"predecessor-version":[{"id":311,"href":"https:\/\/maternidadporsubrogacion.com\/pt\/wp-json\/wp\/v2\/pages\/42\/revisions\/311"}],"wp:attachment":[{"href":"https:\/\/maternidadporsubrogacion.com\/pt\/wp-json\/wp\/v2\/media?parent=42"}],"curies":[{"name":"wp","href":"https:\/\/api.w.org\/{rel}","templated":true}]}}