{"id":38,"date":"2018-03-02T09:30:31","date_gmt":"2018-03-02T09:30:31","guid":{"rendered":"http:\/\/maternidadporsubrogacion.com\/?page_id=38"},"modified":"2018-03-02T09:30:31","modified_gmt":"2018-03-02T09:30:31","slug":"gestacion-subrogada-en-ucrania","status":"publish","type":"page","link":"https:\/\/maternidadporsubrogacion.com\/pt\/gestacion-subrogada-en-ucrania\/","title":{"rendered":"Gestaci\u00f3n subrogada en Ucrania"},"content":{"rendered":"<h2>Gestaci\u00f3n subrogada en Ucrania<\/h2>\n<p>En Ucrania la maternidad subrogada es legal y est\u00e1 perfectamente regulada. No proh\u00edbe o limita la remuneraci\u00f3n a la gestante y no requiere procedimientos legales para obtener una sentencia judicial.<br \/>\nSeg\u00fan el Art\u00edculo 123.2 del C\u00f3digo de Familia de Ucrania, \u201csi un embri\u00f3n humano concebido por una pareja como resultado de la aplicaci\u00f3n de tecnolog\u00edas de reproducci\u00f3n asistida es transferido al cuerpo de otra mujer, los padres del beb\u00e9 ser\u00e1n el hombre y mujer que forman la pareja mencionada anteriormente\u201d.<br \/>\nSe trata de una pr\u00e1ctica permitida por el C\u00f3digo de Familia y por la Orden N771 del Ministerio de Salud de Ucrania. Indicaciones:<br \/>\n    \u2022 Ausencia de \u00fatero (ya sea de nacimiento o por extirpaci\u00f3n)<br \/>\n    \u2022 Deformaci\u00f3n del cuello o la cavidad del \u00fatero, haciendo inviables el embarazo y el parto<br \/>\n    \u2022 Enfermedades cr\u00f3nicas graves que hagan el embarazo inviable<br \/>\n    \u2022 M\u00faltiples intentos fallidos de implantaci\u00f3n relacionados con problemas en el endometrio<br \/>\n    \u2022 La gestante debe tener entre 20 y 35 a\u00f1os, y debe estar sana tanto f\u00edsica como mentalmente. Debe tener al menos un hijo propio.<br \/>\n4. Orden del Ministerio de Justicia de Ucrania n 52\/5, de 18.1.2000 \u201cSobre la aprobaci\u00f3n para registrar actoas de tipo civil en Ucrania\u201d, cl\u00e1usula 2 \u2013 Registro al nacer.<br \/>\n2.2. El registro del nacimiento de un beb\u00e9 por parte de la mujer (donante) se realiza de acuerdo con la aplicaci\u00f3n de la pareja que dio su consentimiento para su inseminaci\u00f3n. En este caso, junto al certificado de nacimiento, se adjunta tambi\u00e9n un consentimiento escrito por parte de la mujer (donante) y certificado por un abogado. En este documento la mujer (donante) da su consentimiento para que sea la pareja la que figure como padre y madre del beb\u00e9. En este caso, en la columna \u201cPara notas\u201d se incluye la siguiente inscripci\u00f3n: la madre del ni\u00f1o de acuerdo con el certificado m\u00e9dico respecto al nacimiento, form n 103\/o-<\/p>\n","protected":false},"excerpt":{"rendered":"<p>Gestaci\u00f3n subrogada en Ucrania En Ucrania la maternidad subrogada es legal y est\u00e1 perfectamente regulada. No proh\u00edbe o limita la remuneraci\u00f3n a la gestante y no requiere procedimientos legales para obtener una sentencia judicial. Seg\u00fan el Art\u00edculo 123.2 del C\u00f3digo de Familia de Ucrania, \u201csi un embri\u00f3n humano concebido por una pareja como resultado de [&hellip;]<\/p>\n","protected":false},"author":1,"featured_media":0,"parent":0,"menu_order":0,"comment_status":"closed","ping_status":"closed","template":"","meta":{"footnotes":""},"class_list":["post-38","page","type-page","status-publish","hentry"],"_links":{"self":[{"href":"https:\/\/maternidadporsubrogacion.com\/pt\/wp-json\/wp\/v2\/pages\/38","targetHints":{"allow":["GET"]}}],"collection":[{"href":"https:\/\/maternidadporsubrogacion.com\/pt\/wp-json\/wp\/v2\/pages"}],"about":[{"href":"https:\/\/maternidadporsubrogacion.com\/pt\/wp-json\/wp\/v2\/types\/page"}],"author":[{"embeddable":true,"href":"https:\/\/maternidadporsubrogacion.com\/pt\/wp-json\/wp\/v2\/users\/1"}],"replies":[{"embeddable":true,"href":"https:\/\/maternidadporsubrogacion.com\/pt\/wp-json\/wp\/v2\/comments?post=38"}],"version-history":[{"count":0,"href":"https:\/\/maternidadporsubrogacion.com\/pt\/wp-json\/wp\/v2\/pages\/38\/revisions"}],"wp:attachment":[{"href":"https:\/\/maternidadporsubrogacion.com\/pt\/wp-json\/wp\/v2\/media?parent=38"}],"curies":[{"name":"wp","href":"https:\/\/api.w.org\/{rel}","templated":true}]}}