{"id":36,"date":"2018-03-02T09:30:15","date_gmt":"2018-03-02T09:30:15","guid":{"rendered":"http:\/\/maternidadporsubrogacion.com\/?page_id=36"},"modified":"2018-03-02T09:30:15","modified_gmt":"2018-03-02T09:30:15","slug":"gestacion-subrogada-en-kenya","status":"publish","type":"page","link":"https:\/\/maternidadporsubrogacion.com\/pt\/gestacion-subrogada-en-kenya\/","title":{"rendered":"Gestaci\u00f3n subrogada en Kenya"},"content":{"rendered":"<h2>Gestaci\u00f3n subrogada en Kenya<\/h2>\n<p>Lo que hace de Kenya un destino tan atractivo es que la gestaci\u00f3n por sustituci\u00f3n es completamente legal y asequible. Desde 2014, y de acuerdo con una decisi\u00f3n del Tribunal Supremo, inmediatamente tras firmar el contrato con la gestante los padres de intenci\u00f3n obtienen autom\u00e1ticamente los derechos de paternidad del beb\u00e9.<\/p>\n<p>Incluso antes de que el embri\u00f3n sea transferido al \u00fatero de la gestante, el contrato con la madre subrogada debe ser certificado ante notario en el Registro P\u00fablico (Huduma). La ley del pa\u00eds estipula que las madres por substituci\u00f3n no deben ser en ning\u00fan caso menores de 25 a\u00f1os.<\/p>\n<p>La ley del pa\u00eds no hace referencia al acceso por parte de parejas gays a este tipo de tratamientos. En aras de operar dentro del marco legal keniata, los contratos de maternidad subrogada se realizan entre la gestante y el padre de intenci\u00f3n (considerado como padre soltero).<\/p>\n<p>Kenya ofrece todo tipo de garant\u00edas m\u00e9dicas, pero adem\u00e1s es un destino tur\u00edstico muy popular. Se trata de uno de los pa\u00edses m\u00e1s seguros, desarrollados y pintorescos del continente africano. Es, sin duda, un pa\u00eds lleno de ventajas para aquellos padres que quieran someterse a un tratamiento de maternidad subrogada.<\/p>\n","protected":false},"excerpt":{"rendered":"<p>Gestaci\u00f3n subrogada en Kenya Lo que hace de Kenya un destino tan atractivo es que la gestaci\u00f3n por sustituci\u00f3n es completamente legal y asequible. Desde 2014, y de acuerdo con una decisi\u00f3n del Tribunal Supremo, inmediatamente tras firmar el contrato con la gestante los padres de intenci\u00f3n obtienen autom\u00e1ticamente los derechos de paternidad del beb\u00e9. [&hellip;]<\/p>\n","protected":false},"author":1,"featured_media":0,"parent":0,"menu_order":0,"comment_status":"closed","ping_status":"closed","template":"","meta":{"footnotes":""},"class_list":["post-36","page","type-page","status-publish","hentry"],"_links":{"self":[{"href":"https:\/\/maternidadporsubrogacion.com\/pt\/wp-json\/wp\/v2\/pages\/36","targetHints":{"allow":["GET"]}}],"collection":[{"href":"https:\/\/maternidadporsubrogacion.com\/pt\/wp-json\/wp\/v2\/pages"}],"about":[{"href":"https:\/\/maternidadporsubrogacion.com\/pt\/wp-json\/wp\/v2\/types\/page"}],"author":[{"embeddable":true,"href":"https:\/\/maternidadporsubrogacion.com\/pt\/wp-json\/wp\/v2\/users\/1"}],"replies":[{"embeddable":true,"href":"https:\/\/maternidadporsubrogacion.com\/pt\/wp-json\/wp\/v2\/comments?post=36"}],"version-history":[{"count":0,"href":"https:\/\/maternidadporsubrogacion.com\/pt\/wp-json\/wp\/v2\/pages\/36\/revisions"}],"wp:attachment":[{"href":"https:\/\/maternidadporsubrogacion.com\/pt\/wp-json\/wp\/v2\/media?parent=36"}],"curies":[{"name":"wp","href":"https:\/\/api.w.org\/{rel}","templated":true}]}}