{"id":193,"date":"2018-08-28T17:04:41","date_gmt":"2018-08-28T17:04:41","guid":{"rendered":"http:\/\/maternidadporsubrogacion.com\/?page_id=193"},"modified":"2018-08-28T17:04:41","modified_gmt":"2018-08-28T17:04:41","slug":"gestacion-subrogada","status":"publish","type":"page","link":"https:\/\/maternidadporsubrogacion.com\/pt\/gestacion-subrogada\/","title":{"rendered":"Gestaci\u00f3n subrogada"},"content":{"rendered":"<div class=\"row\">\n<div class=\"col-md-4\">\n<h2>Principios<\/h2>\n<p>Nuestra forma de entender la gestaci\u00f3n subrogada nos hace diferentes. Creemos que s\u00f3lo cuidando de todas las partes implicadas pueden conseguirse los mejores resultados. Cada gestante es el pilar sobre el que se asienta la compleci\u00f3n de una familia, y por eso ponemos todo nuestro empe\u00f1o en hacerla sentir importante y valorada. Huimos de una visi\u00f3n masificada de este tipo de tratamientos, y nos aseguramos de tener siempre suficiente personal para que ninguna gestante, y ning\u00fan padre o madre se sientan desatendidos.\n<\/p><\/div>\n<div class=\"col-md-8 padding-top-lg\">\n [surrogate-video-testimonials]\n<\/div>\n<\/div>\n<p>En New Life sabemos lo delicado que es vivir un proceso de gestaci\u00f3n subrogada a miles de kil\u00f3metros de distancia y por eso informamos puntualmente a los padres de cada novedad en el embarazo. Estamos a su disposici\u00f3n de forma continuada, y hacemos todo lo posible por facilitarles al m\u00e1ximo el proceso. Adem\u00e1s, en New Life creemos que es positivo que los padres tengan contacto con la gestante y facilitamos los medios para que esto sea posible. <\/p>\n<p>Otra de nuestras marcas distintivas es la transparencia. En New Life los padres les pagan a las gestantes sus compensaciones directamente. De esta forma en ning\u00fan momento queda duda alguna de ad\u00f3nde va el dinero. Acorde con esta filosof\u00eda, en New Life no hay letra peque\u00f1a. Informamos a los padres de todas las eventualidades que pueden darse durante el tratamiento para que no haya sorpresas desagradables.<br \/>\nSon los detalles lo que nos hace diferentes, y es gracias a cada uno de esos detalles que no necesitamos apenas invertir en publicidad: son las propias familias que ya han tenido a sus hijos quienes nos recomiendan. <\/p>\n<h2>Cuidados a la gestante<\/h2>\n<h3>Bienestar mental y atenci\u00f3n psicol\u00f3gica<\/h3>\n<p>El embarazo suele asociarse a una etapa de felicidad y alegr\u00eda pero no siempre es as\u00ed. Los desajustes hormonales pueden hacer la gestaci\u00f3n pr\u00e1cticamente insoportable para algunas mujeres. En New Life creemos que la tranquilidad durante el embarazo multiplica las posibilidades de que nazca un beb\u00e9 sano. Por eso supervisamos constantemente el bienestar emocional de nuestras gestantes:<\/p>\n<ul>\n<li>Tienen acceso a nuestras coordinadoras 24\/7\n<li>\n<li>Acceso a psic\u00f3logos en caso de que sientan estr\u00e9s o ansiedad<\/li>\n<li>Fomento de las actividades de ocio: animamos a nuestras gestantes a que practiquen actividades que les resulten placenteras, una gestante feliz es un beb\u00e9 feliz<\/li>\n<li>Respeto por su tiempo: tratamos de que a la hora de atender citas m\u00e9dicas no tengan que esperar<\/li>\n<li>Apoyo familiar: aceptamos a posibles gestantes que cuenten con el apoyo de su entorno directo. Creemos que el apoyo de la familia es fundamental en el desarrollo de un beb\u00e9 sano.<\/li>\n<li>Animamos a nuestras gestantes a que hagan cosas que les gusten<\/li>\n<li>Hacemos continuo hincapi\u00e9 en cu\u00e1nto valoramos su dedicaci\u00f3n<\/li>\n<li>Facilitamos apoyo psicol\u00f3gico tras el nacimiento<\/li>\n<\/ul>\n<h2>H\u00e1bitos saludables<\/h2>\n<p>Seguir ciertos h\u00e1bitos durante el embarazo es muy importante y tiene efectos igualmente beneficiosos para la gestante y para el beb\u00e9. En New Life continuamente llevamos a cabo cursos y talleres en que explicamos a nuestras gestantes la importancia de:<\/p>\n<ul>\n<li>Dormir suficientes horas<\/li>\n<li>Descansar. No se trata s\u00f3lo de irse a la cama temprano, tambi\u00e9n es importante tomar peque\u00f1os descansos durante el d\u00eda. Tratamos de que est\u00e9n lo m\u00e1s libres de estr\u00e9s que sea posible<\/li>\n<li>Higiene y cuidados personales<\/li>\n<li>Ejercicio moderado y paseos cortos. Este tipo de actividades f\u00edsicas puede ayudar a calmar el dolor de espalda, reducir el estre\u00f1imiento y mantener un peso adecuado, adem\u00e1s de ser bueno para estar de mejor humos<\/li>\n<li>Aunque dejamos muy claro desde un principio que fumar o beber est\u00e1 completamente prohibido durante el embarazo, realizamos controles aleatorios en el Laboratorio Forense Nacional<\/li>\n<\/ul>\n<h2>Nutrici\u00f3n<\/h2>\n<p>Una nutrici\u00f3n adecuada es fundamental para el correcto desarrollo del feto. Una alimentaci\u00f3n deficitaria de ciertos nutrientes, o excesiva en algunos elementos, puede degenerar en un aborto o en que el beb\u00e9 nazca con hipoxia cerebral o que tenga problemas neuropsicol\u00f3gicos o retraso en el desarrollo cerebral, dislexia o dificultades en el aprendizaje.<br \/>\nLlevamos a cabo sesiones informativas sobre lo crucial de una alimentaci\u00f3n apropiada. Enfermeras y coordinadoras de New Life est\u00e1n pendientes de que las gestantes acudan a las citas m\u00e9dicas y de que tomen la medicaci\u00f3n prescrita y los suplementos vitam\u00ednicos correspondientes. <\/p>\n<h2>Control del peso<\/h2>\n<p>En las citas m\u00e9dicas de control es muy importante el control del peso. Una gestante que no gana el peso adecuado corre el riesgo de sufrir un aborto, dar a luz prematuramente o de que el beb\u00e9 nazca con problemas de diversa gravedad. Ganar peso es muy importante, pero nos aseguramos de que nuestras gestantes sean muy conscientes de que no deben engordar a base de comida basura sino de una dieta saludable y equilibrada. Igualmente las concienciamos del los efectos nocivos que tiene el sobrepeso tanto para la madre subrogada como para el feto. Un aumento excesivo de peso puede causar diabetes gestacional, complicaciones en el parto y que el ni\u00f1o sufra de diabetes y obesidad en la infancia. <\/p>\n<h2>Controles m\u00e9dicos y pruebas gen\u00e9ticas<\/h2>\n<p>Nuestro seguimiento del embarazo es extremadamente riguroso. Tratamos de adelantarnos a cualquier tipo de eventualidad para poder evitar males mayores.<br \/>\nDurante la gestaci\u00f3n nuestras madres subrogadas deben acudir regularmente al m\u00e9dico y someterse a an\u00e1lisis de sangre, pruebas de orina y ecograf\u00edas.<br \/>\nSabemos cu\u00e1n importante es para los padres saber que su beb\u00e9 se est\u00e1 desarrollando bien. Por eso adem\u00e1s de las pruebas rutinarias realizamos otras m\u00e1s m\u00e1s espec\u00edficas para descartar malformaciones o anomal\u00edas de tipo gen\u00e9tico, por ejemplo la prueba de traslucencia nucal y la del triple marcador, entre otras. Estas pruebas apuntan si hay alg\u00fan problema y nos permiten derivar el caso a un especialista que pueda ofrecernos un diagn\u00f3stico concreto.<br \/>\nEn estados m\u00e1s avanzados realizamos tambi\u00e9n cardiotopograf\u00edas del feto para determinar el funcionamiento de su coraz\u00f3n. <\/p>\n<h2>Preparaci\u00f3n para el parto<\/h2>\n<p>El parto se asocial invariablemente con un momento de intenso dolor. En general las gestantes ya tienen al menos un hijo, y en ocasiones sus partos previos no fueron en las condiciones adecuadas. Esto conlleva que sufrieran mucho m\u00e1s de lo necesario y que sufran de ansiedad y estr\u00e9s cuando se acerca el momento de dar a luz. En los meses previos a la fecha en que el embarazo llega a t\u00e9rmino realizamos sesiones de preparaci\u00f3n para aminorar esas sensaciones negativas. Cu\u00e1nto m\u00e1s miedo les general el parto, m\u00e1s doloroso ser\u00e1. <\/p>\n<p>Respetamos las preferencias de la gestante a la hora de dar a luz. Los padres de intenci\u00f3n pueden hacer sus requerimientos antes de empezar el tratamiento para que podamos asignarles una gestante que est\u00e9 de acuerdo con ellos. Por ejemplo, algunos padres quieren estar presentes en el momento del parto, otros prefieren que el beb\u00e9 nazca por ces\u00e1rea. Pero si estos requerimientos no se hicieron en un comienzo depender\u00e1 de la voluntad de la gestante aceptar o no. Para nosotros tan importante es el bienestar de los padres de intenci\u00f3n como el respeto hacia nuestras gestantes. <\/p>\n","protected":false},"excerpt":{"rendered":"<p>Principios Nuestra forma de entender la gestaci\u00f3n subrogada nos hace diferentes. Creemos que s\u00f3lo cuidando de todas las partes implicadas pueden conseguirse los mejores resultados. Cada gestante es el pilar sobre el que se asienta la compleci\u00f3n de una familia, y por eso ponemos todo nuestro empe\u00f1o en hacerla sentir importante y valorada. Huimos de [&hellip;]<\/p>\n","protected":false},"author":1,"featured_media":0,"parent":0,"menu_order":0,"comment_status":"closed","ping_status":"closed","template":"","meta":{"footnotes":""},"class_list":["post-193","page","type-page","status-publish","hentry"],"_links":{"self":[{"href":"https:\/\/maternidadporsubrogacion.com\/pt\/wp-json\/wp\/v2\/pages\/193","targetHints":{"allow":["GET"]}}],"collection":[{"href":"https:\/\/maternidadporsubrogacion.com\/pt\/wp-json\/wp\/v2\/pages"}],"about":[{"href":"https:\/\/maternidadporsubrogacion.com\/pt\/wp-json\/wp\/v2\/types\/page"}],"author":[{"embeddable":true,"href":"https:\/\/maternidadporsubrogacion.com\/pt\/wp-json\/wp\/v2\/users\/1"}],"replies":[{"embeddable":true,"href":"https:\/\/maternidadporsubrogacion.com\/pt\/wp-json\/wp\/v2\/comments?post=193"}],"version-history":[{"count":0,"href":"https:\/\/maternidadporsubrogacion.com\/pt\/wp-json\/wp\/v2\/pages\/193\/revisions"}],"wp:attachment":[{"href":"https:\/\/maternidadporsubrogacion.com\/pt\/wp-json\/wp\/v2\/media?parent=193"}],"curies":[{"name":"wp","href":"https:\/\/api.w.org\/{rel}","templated":true}]}}