{"id":191,"date":"2018-08-28T16:57:26","date_gmt":"2018-08-28T16:57:26","guid":{"rendered":"http:\/\/maternidadporsubrogacion.com\/?page_id=191"},"modified":"2018-08-28T16:57:26","modified_gmt":"2018-08-28T16:57:26","slug":"garantias","status":"publish","type":"page","link":"https:\/\/maternidadporsubrogacion.com\/pt\/garantias\/","title":{"rendered":"Garant\u00edas"},"content":{"rendered":"<h2>\u00cdndice de \u00e9xito<\/h2>\n<p>En New Life hemos analizado nuestros \u00edndices de \u00e9xito desde 2008 hasta ahora. La conclusi\u00f3n a la que hemos llegado es que el porcentaje de \u00e9xito no depende tanto de la madre gestante sino de la mujer que aporta los \u00f3vulos para la fecundaci\u00f3n in vitro. As\u00ed pues hemos agrupado nuestros tratamientos en las siguientes categor\u00edas:<\/p>\n<ol>\n<li>FIV\/ICSI en fresco, con \u00f3vulos de la madre de intenci\u00f3n, y madre subrogada: 35 &#8211; 55%<\/li>\n<li>FIV\/ICSI en fresco, con \u00f3vulos de donante con\/sin madre subrogada: 75 &#8211; 80%<\/li>\n<li>Transferencia de embri\u00f3n congelado formado a partir de \u00f3vulos de la madre de intenci\u00f3n, y madre subrogada: 35 &#8211; 55%<\/li>\n<li>Transferencia de embri\u00f3n congelado formado a partir de \u00f3vulos de donante con\/sin madre subrogada: 35 &#8211; 55%<\/li>\n<\/ol>\n<p>Alcanzamos estos niveles de efectividad gracias a que nos asociamos con las mejores cl\u00ednicas de los pa\u00edses donde trabajamos. No podr\u00edamos habernos mantenido diez a\u00f1os en un sector tan competitivo sin el respaldo de embri\u00f3logos altamente cualificados y cl\u00ednicas equipadas con la tecnolog\u00eda m\u00e1s avanzada.<br \/>\nNuestra asociaci\u00f3n con las diferentes cl\u00ednicas con las que trabajamos siempre se mantiene en funci\u00f3n de los resultados. No firmamos acuerdos por periodos de tiempo determinados: si los \u00edndices de \u00e9xito decaen inmediatamente cambiamos de cl\u00ednica. Incluso cuando los resultados son buenos seguimos buscando permanentemente cl\u00ednicas que ofrezcan un abanico m\u00e1s amplio de servicios, e \u00edndices de \u00e9xito que superen a los actuales. <\/p>\n<h2>Referencias internas<\/h2>\n<p>Somos probablemente la \u00fanica agencia de gestaci\u00f3n subrogada que funciona con este sistema. En New Life son las familias que ya han tenido con nosotros a sus hijos quienes aceptan dar referencia a otros padres. Cuando usted est\u00e9 en el proceso de obtener informaci\u00f3n sobre nuestros tratamientos le ofreceremos la posibilidad de hablar con padres que tuvieron a sus beb\u00e9s recientemente. Ellos les dir\u00e1n c\u00f3mo fue su experiencia con la gestaci\u00f3n subrogada en general, y con New Life en particular. En la medida de lo posible tratamos de ponerle en contacto con alguien de su misma nacionalidad para que pueda orientarle tambi\u00e9n sobre el papeleo solicitado por su consulado en cuesti\u00f3n. <\/p>\n","protected":false},"excerpt":{"rendered":"<p>\u00cdndice de \u00e9xito En New Life hemos analizado nuestros \u00edndices de \u00e9xito desde 2008 hasta ahora. La conclusi\u00f3n a la que hemos llegado es que el porcentaje de \u00e9xito no depende tanto de la madre gestante sino de la mujer que aporta los \u00f3vulos para la fecundaci\u00f3n in vitro. As\u00ed pues hemos agrupado nuestros tratamientos [&hellip;]<\/p>\n","protected":false},"author":1,"featured_media":0,"parent":0,"menu_order":0,"comment_status":"closed","ping_status":"closed","template":"","meta":{"footnotes":""},"class_list":["post-191","page","type-page","status-publish","hentry"],"_links":{"self":[{"href":"https:\/\/maternidadporsubrogacion.com\/pt\/wp-json\/wp\/v2\/pages\/191","targetHints":{"allow":["GET"]}}],"collection":[{"href":"https:\/\/maternidadporsubrogacion.com\/pt\/wp-json\/wp\/v2\/pages"}],"about":[{"href":"https:\/\/maternidadporsubrogacion.com\/pt\/wp-json\/wp\/v2\/types\/page"}],"author":[{"embeddable":true,"href":"https:\/\/maternidadporsubrogacion.com\/pt\/wp-json\/wp\/v2\/users\/1"}],"replies":[{"embeddable":true,"href":"https:\/\/maternidadporsubrogacion.com\/pt\/wp-json\/wp\/v2\/comments?post=191"}],"version-history":[{"count":0,"href":"https:\/\/maternidadporsubrogacion.com\/pt\/wp-json\/wp\/v2\/pages\/191\/revisions"}],"wp:attachment":[{"href":"https:\/\/maternidadporsubrogacion.com\/pt\/wp-json\/wp\/v2\/media?parent=191"}],"curies":[{"name":"wp","href":"https:\/\/api.w.org\/{rel}","templated":true}]}}