{"id":181,"date":"2018-06-26T08:48:57","date_gmt":"2018-06-26T08:48:57","guid":{"rendered":"http:\/\/maternidadporsubrogacion.com\/?page_id=181"},"modified":"2018-06-26T08:48:57","modified_gmt":"2018-06-26T08:48:57","slug":"tratamientos-con-ovulos-de-la-madre-de-intencion","status":"publish","type":"page","link":"https:\/\/maternidadporsubrogacion.com\/pt\/tratamientos-con-ovulos-de-la-madre-de-intencion\/","title":{"rendered":"Tratamientos con \u00f3vulos de la madre de intenci\u00f3n"},"content":{"rendered":"<p>Tratamientos con \u00f3vulos de la madre de intenci\u00f3n <\/p>\n<p>Las madres de intenci\u00f3n que as\u00ed lo deseen podr\u00e1n aportar sus \u00f3vulos siempre y cuando estos cumplan ciertos requisitos, se goce de un buen estado de salud general y no haya contraindicaciones para la estimulaci\u00f3n ov\u00e1rica.<\/p>\n<p>Una vez nuestro equipo m\u00e9dico haya aprobado la viabilidad del tratamiento con \u00f3vulos de la madre de intenci\u00f3n, el siguiente paso es coordinar a la madre con la gestante para que sus ciclos coincidan. Esto puede hacerse en principio de forma remota, es decir, la madre puede empezar el proceso de estimulaci\u00f3n en su lugar de residencia con su m\u00e9dico o cl\u00ednica habitual, y desplazarse al pa\u00eds de destino \u00fanicamente para la punci\u00f3n. Normalmente requerimos que la madre pueda ser examinada en nuestras propias instalaciones a partir del d\u00eda 8 de la estimulaci\u00f3n para poder afinar al m\u00e1ximo el momento \u00f3ptimo para la extracci\u00f3n de los \u00f3vulos. <\/p>\n","protected":false},"excerpt":{"rendered":"<p>Tratamientos con \u00f3vulos de la madre de intenci\u00f3n Las madres de intenci\u00f3n que as\u00ed lo deseen podr\u00e1n aportar sus \u00f3vulos siempre y cuando estos cumplan ciertos requisitos, se goce de un buen estado de salud general y no haya contraindicaciones para la estimulaci\u00f3n ov\u00e1rica. Una vez nuestro equipo m\u00e9dico haya aprobado la viabilidad del tratamiento [&hellip;]<\/p>\n","protected":false},"author":1,"featured_media":0,"parent":0,"menu_order":0,"comment_status":"closed","ping_status":"closed","template":"","meta":{"footnotes":""},"class_list":["post-181","page","type-page","status-publish","hentry"],"_links":{"self":[{"href":"https:\/\/maternidadporsubrogacion.com\/pt\/wp-json\/wp\/v2\/pages\/181","targetHints":{"allow":["GET"]}}],"collection":[{"href":"https:\/\/maternidadporsubrogacion.com\/pt\/wp-json\/wp\/v2\/pages"}],"about":[{"href":"https:\/\/maternidadporsubrogacion.com\/pt\/wp-json\/wp\/v2\/types\/page"}],"author":[{"embeddable":true,"href":"https:\/\/maternidadporsubrogacion.com\/pt\/wp-json\/wp\/v2\/users\/1"}],"replies":[{"embeddable":true,"href":"https:\/\/maternidadporsubrogacion.com\/pt\/wp-json\/wp\/v2\/comments?post=181"}],"version-history":[{"count":0,"href":"https:\/\/maternidadporsubrogacion.com\/pt\/wp-json\/wp\/v2\/pages\/181\/revisions"}],"wp:attachment":[{"href":"https:\/\/maternidadporsubrogacion.com\/pt\/wp-json\/wp\/v2\/media?parent=181"}],"curies":[{"name":"wp","href":"https:\/\/api.w.org\/{rel}","templated":true}]}}