{"id":179,"date":"2018-06-26T08:47:54","date_gmt":"2018-06-26T08:47:54","guid":{"rendered":"http:\/\/maternidadporsubrogacion.com\/?page_id=179"},"modified":"2018-06-26T08:47:54","modified_gmt":"2018-06-26T08:47:54","slug":"tratamientos-para-seropositivos","status":"publish","type":"page","link":"https:\/\/maternidadporsubrogacion.com\/pt\/tratamientos-para-seropositivos\/","title":{"rendered":"Tratamientos para seropositivos"},"content":{"rendered":"<p>Tratamientos para seropositivos<\/p>\n<p>Los padres de intenci\u00f3n con VIH pueden optar tambi\u00e9n a la maternidad subrogada. Gracias al lavado de semen puede descomponerse este fluido en c\u00e9lulas, espermatozoides y plasma seminal. El virus se encuentra en este \u00faltimo, por lo cual al descartarlo y congelar \u00fanicamente el esperma se elimina la posibilidad de que el beb\u00e9 nazca contagiado.<\/p>\n<p>Despu\u00e9s del lavado se realiza un nuevo an\u00e1lisis de control, generalmente mediante la t\u00e9cnica PCR (Polymerase Chain Reaction), para comprobar que no haya ninguna part\u00edcula viral. Una vez se ha confirmado que la muestra est\u00e1 libre del VIH, se puede proceder a usarla para la fecundaci\u00f3n in vitro. <\/p>\n","protected":false},"excerpt":{"rendered":"<p>Tratamientos para seropositivos Los padres de intenci\u00f3n con VIH pueden optar tambi\u00e9n a la maternidad subrogada. Gracias al lavado de semen puede descomponerse este fluido en c\u00e9lulas, espermatozoides y plasma seminal. El virus se encuentra en este \u00faltimo, por lo cual al descartarlo y congelar \u00fanicamente el esperma se elimina la posibilidad de que el [&hellip;]<\/p>\n","protected":false},"author":1,"featured_media":0,"parent":0,"menu_order":0,"comment_status":"closed","ping_status":"closed","template":"","meta":{"footnotes":""},"class_list":["post-179","page","type-page","status-publish","hentry"],"_links":{"self":[{"href":"https:\/\/maternidadporsubrogacion.com\/pt\/wp-json\/wp\/v2\/pages\/179","targetHints":{"allow":["GET"]}}],"collection":[{"href":"https:\/\/maternidadporsubrogacion.com\/pt\/wp-json\/wp\/v2\/pages"}],"about":[{"href":"https:\/\/maternidadporsubrogacion.com\/pt\/wp-json\/wp\/v2\/types\/page"}],"author":[{"embeddable":true,"href":"https:\/\/maternidadporsubrogacion.com\/pt\/wp-json\/wp\/v2\/users\/1"}],"replies":[{"embeddable":true,"href":"https:\/\/maternidadporsubrogacion.com\/pt\/wp-json\/wp\/v2\/comments?post=179"}],"version-history":[{"count":0,"href":"https:\/\/maternidadporsubrogacion.com\/pt\/wp-json\/wp\/v2\/pages\/179\/revisions"}],"wp:attachment":[{"href":"https:\/\/maternidadporsubrogacion.com\/pt\/wp-json\/wp\/v2\/media?parent=179"}],"curies":[{"name":"wp","href":"https:\/\/api.w.org\/{rel}","templated":true}]}}