{"id":177,"date":"2018-06-26T08:47:25","date_gmt":"2018-06-26T08:47:25","guid":{"rendered":"http:\/\/maternidadporsubrogacion.com\/?page_id=177"},"modified":"2018-06-26T08:47:25","modified_gmt":"2018-06-26T08:47:25","slug":"seleccion-de-sexo","status":"publish","type":"page","link":"https:\/\/maternidadporsubrogacion.com\/pt\/seleccion-de-sexo\/","title":{"rendered":"Selecci\u00f3n de sexo"},"content":{"rendered":"<p>Selecci\u00f3n de sexo<br \/>\nSon cada vez m\u00e1s las personas que nos contactan pidi\u00e9ndonos ayuda para equilibrar sus familias en materia de sexo. Existen varios tipos de procedimientos utilizados para la selecci\u00f3n de g\u00e9nero, pero la mayor\u00eda implica separar el cromosoma X y Y\u00a0(T\u00e9cnica Ericsson)\u00a0en las muestras de esperma, o seleccionar embriones que se han desarrollado con ADN femenino o masculino,\u00a0diagn\u00f3stico gen\u00e9tico preimplantacional es m\u00e1s com\u00fanmente utilizado para determinar el sexo, ya que es del 99% exacta.<\/p>\n","protected":false},"excerpt":{"rendered":"<p>Selecci\u00f3n de sexo Son cada vez m\u00e1s las personas que nos contactan pidi\u00e9ndonos ayuda para equilibrar sus familias en materia de sexo. Existen varios tipos de procedimientos utilizados para la selecci\u00f3n de g\u00e9nero, pero la mayor\u00eda implica separar el cromosoma X y Y\u00a0(T\u00e9cnica Ericsson)\u00a0en las muestras de esperma, o seleccionar embriones que se han desarrollado [&hellip;]<\/p>\n","protected":false},"author":1,"featured_media":0,"parent":0,"menu_order":0,"comment_status":"closed","ping_status":"closed","template":"","meta":{"footnotes":""},"class_list":["post-177","page","type-page","status-publish","hentry"],"_links":{"self":[{"href":"https:\/\/maternidadporsubrogacion.com\/pt\/wp-json\/wp\/v2\/pages\/177","targetHints":{"allow":["GET"]}}],"collection":[{"href":"https:\/\/maternidadporsubrogacion.com\/pt\/wp-json\/wp\/v2\/pages"}],"about":[{"href":"https:\/\/maternidadporsubrogacion.com\/pt\/wp-json\/wp\/v2\/types\/page"}],"author":[{"embeddable":true,"href":"https:\/\/maternidadporsubrogacion.com\/pt\/wp-json\/wp\/v2\/users\/1"}],"replies":[{"embeddable":true,"href":"https:\/\/maternidadporsubrogacion.com\/pt\/wp-json\/wp\/v2\/comments?post=177"}],"version-history":[{"count":0,"href":"https:\/\/maternidadporsubrogacion.com\/pt\/wp-json\/wp\/v2\/pages\/177\/revisions"}],"wp:attachment":[{"href":"https:\/\/maternidadporsubrogacion.com\/pt\/wp-json\/wp\/v2\/media?parent=177"}],"curies":[{"name":"wp","href":"https:\/\/api.w.org\/{rel}","templated":true}]}}