{"id":175,"date":"2018-06-26T08:47:13","date_gmt":"2018-06-26T08:47:13","guid":{"rendered":"http:\/\/maternidadporsubrogacion.com\/?page_id=175"},"modified":"2018-06-26T08:47:13","modified_gmt":"2018-06-26T08:47:13","slug":"pgd-pgs-dgp","status":"publish","type":"page","link":"https:\/\/maternidadporsubrogacion.com\/pt\/pgd-pgs-dgp\/","title":{"rendered":"PGD\/PGS\/DGP"},"content":{"rendered":"<p>PGD\/PGS\/DGP<\/p>\n<p>El Diagn\u00f3stico Gen\u00e9tico Preimplantacional (DGP o PGD &#8211; por sus siglas en ingl\u00e9s) es un an\u00e1lisis embrionario anterior a la implantaci\u00f3n en el \u00fatero capaz de detectar un buen n\u00famero de anomal\u00edas cromos\u00f3micas o trastornos mitocondriales. Esta prueba est\u00e1 especialmente indicada para aquellos pacientes que padecen o son portadores de trastornos hereditarios que podr\u00edan pasar a su descendencia.<br \/>\nEl Diagn\u00f3stico Gen\u00e9tico de Aneuploid\u00edas (PGS, por sus siglas en ingl\u00e9s) por su parte tiene como objetivo determinar qu\u00e9 embriones de una cohorte presentan una composici\u00f3n gen\u00e9tica correcta y qu\u00e9 embriones presentan una configuraci\u00f3n cromos\u00f3mica defectuosa.<br \/>\nEstas pruebas se realizan a partir de una biopsia del embri\u00f3n en sus primeros d\u00edas. Esta manipulaci\u00f3n del embri\u00f3n en una fase tan temprana implica un nivel de riesgo que hace que no siempre esta prueba est\u00e9 indicada.<br \/>\nEstos son los casos en que en New Life recomendamos la aplicaci\u00f3n del PGD\/PGS:<br \/>\n    \u2022 Edad de la mujer que aporta los \u00f3vulos superior a 36 a\u00f1os<br \/>\n    \u2022 Abortos de repetici\u00f3n<br \/>\n    \u2022 Fallos repetidos de implantaci\u00f3n<br \/>\n    \u2022 Problemas de fertilidad<br \/>\n    \u2022 Historial conocido de enfermedades hereditarias por parte de las personas que aportan material gen\u00e9tico<\/p>\n","protected":false},"excerpt":{"rendered":"<p>PGD\/PGS\/DGP El Diagn\u00f3stico Gen\u00e9tico Preimplantacional (DGP o PGD &#8211; por sus siglas en ingl\u00e9s) es un an\u00e1lisis embrionario anterior a la implantaci\u00f3n en el \u00fatero capaz de detectar un buen n\u00famero de anomal\u00edas cromos\u00f3micas o trastornos mitocondriales. Esta prueba est\u00e1 especialmente indicada para aquellos pacientes que padecen o son portadores de trastornos hereditarios que podr\u00edan [&hellip;]<\/p>\n","protected":false},"author":1,"featured_media":0,"parent":0,"menu_order":0,"comment_status":"closed","ping_status":"closed","template":"","meta":{"footnotes":""},"class_list":["post-175","page","type-page","status-publish","hentry"],"_links":{"self":[{"href":"https:\/\/maternidadporsubrogacion.com\/pt\/wp-json\/wp\/v2\/pages\/175","targetHints":{"allow":["GET"]}}],"collection":[{"href":"https:\/\/maternidadporsubrogacion.com\/pt\/wp-json\/wp\/v2\/pages"}],"about":[{"href":"https:\/\/maternidadporsubrogacion.com\/pt\/wp-json\/wp\/v2\/types\/page"}],"author":[{"embeddable":true,"href":"https:\/\/maternidadporsubrogacion.com\/pt\/wp-json\/wp\/v2\/users\/1"}],"replies":[{"embeddable":true,"href":"https:\/\/maternidadporsubrogacion.com\/pt\/wp-json\/wp\/v2\/comments?post=175"}],"version-history":[{"count":0,"href":"https:\/\/maternidadporsubrogacion.com\/pt\/wp-json\/wp\/v2\/pages\/175\/revisions"}],"wp:attachment":[{"href":"https:\/\/maternidadporsubrogacion.com\/pt\/wp-json\/wp\/v2\/media?parent=175"}],"curies":[{"name":"wp","href":"https:\/\/api.w.org\/{rel}","templated":true}]}}