{"id":170,"date":"2018-03-02T08:54:49","date_gmt":"2018-03-02T08:54:49","guid":{"rendered":"http:\/\/maternidadporsubrogacion.com\/?page_id=9"},"modified":"2019-04-04T03:14:56","modified_gmt":"2019-04-04T03:14:56","slug":"home","status":"publish","type":"page","link":"https:\/\/maternidadporsubrogacion.com\/pt\/","title":{"rendered":"Inicio"},"content":{"rendered":"<div class=\"col-md-12 lift-15 bg-white\">\n<div class=\"row margin-top-md\">\n<div class=\"col-md-4\">\n<p>    <img decoding=\"async\" class=\"img-responsive\" src=\"https:\/\/www.newlifegeorgia.com\/wp-content\/uploads\/2018\/02\/exceptional-surrogate-care.jpg\" alt=\"\"><\/p>\n<h3>Excelente cuidado com as gestantes<\/h3>\n<p>As m\u00e3es substitutas s\u00e3o o pilar sobre o qual se sustenta todo o processo de gesta\u00e7\u00e3o sub-rogada. Por isso ficamos atentos n\u00e3o somente \u00e0 evolu\u00e7\u00e3o m\u00e9dica da gravidez, mas tamb\u00e9m ao seu estado de \u00e2nimo e garantimos que esteja o melhor poss\u00edvel. Uma gestante bem cuidada \u00e9 um requisito indispens\u00e1vel para o nascimento de um beb\u00ea saud\u00e1vel.<\/p>\n<\/div>\n<div class=\"col-md-4\">\n<p>    <img decoding=\"async\" class=\"img-responsive\" src=\"https:\/\/www.newlifegeorgia.com\/wp-content\/uploads\/2018\/02\/guaranteed-programs.jpg\" alt=\"\"><\/p>\n<h3>Programas garantidos<\/h3>\n<p>Para a maioria dos pais um programa a pre\u00e7o fechado \u00e9 garantia de tranquilidade mental de que j\u00e1 sabem que conseguir\u00e3o ter o seu filho sem custos adicionais por tentativas subsequentes de transfer\u00eancia embrion\u00e1ria ou fertiliza\u00e7\u00e3o\u00a0in vitro.\u00a0Inclusive no nosso programa padr\u00e3o voc\u00ea sabe que no remoto caso de ter que recorrer a mais de 3 FIVs, o tratamento continuar\u00e1 a nosso cargo.<\/p>\n<\/div>\n<div class=\"col-md-4\">\n<p>    <img decoding=\"async\" class=\"img-responsive\" src=\"https:\/\/www.newlifegeorgia.com\/wp-content\/uploads\/2018\/02\/free-extra-services.jpg\" alt=\"\"><\/p>\n<h3>Servi\u00e7os de cortesia<\/h3>\n<p>Na New Life cuidamos de todos os detalhes: deslocamento do aeroporto, tradutores, bab\u00e1s e muitas surpresas para aqueles que nos d\u00e3o a honra da sua escolha. Al\u00e9m disso, acertamos encontros pessoais na sua cidade para explicar todos os detalhes dos nossos tratamentos.<\/p>\n<\/div>\n<\/div>\n<\/div>\n<\/div>\n<\/div>\n<\/div>\n<div class=\"col-md-12 front-tile text-center bunner\">\n<h2 class=\"no-margin-top\">OS N\u00daMEROS N\u00c3O MENTEM<\/h2>\n<p>De acordo com informa\u00e7\u00f5es fornecidas pelo Minist\u00e9rio da Justi\u00e7a, 89% dos beb\u00eas registrados na Ge\u00f3rgia por maternidade sub-rogada nasceram de programas gerenciados pela New Life.<\/p>\n<\/div>\n<div class=\"container\">\n<div class=\"col-md-12 bg-white\">\n<div class=\"row\">\n<div class=\"col-md-7 padding-md\">\n<h3 class=\"no-margin-top\">BEM-VINDOS \u00c0 <span class=\"text-color-1\">NEW LIFE<\/span><\/h3>\n<p>Na New Life alcan\u00e7ar o imposs\u00edvel \u00e9 o que melhor fazemos. Gra\u00e7as a uma combina\u00e7\u00e3o \u00fanica de aten\u00e7\u00e3o m\u00e9dica e compromisso e cuidado sem compara\u00e7\u00e3o atingimos resultados excepcionais que nos tornaram a ag\u00eancia de maternidade sub-rogada que cada vez mais escolhem os pais para fazer realidade o seu sonho. Mas, embora as nossas estat\u00edsticas sejam muito boas, n\u00e3o \u00e9 disso que ficamos orgulhosos: do que gostamos presumir \u00e9 da dedica\u00e7\u00e3o e empatia que colocamos em todos e cada um dos nossos casos. Cada integrante da equipe New Life lembra de cada caso que levou adiante com nome e sobrenome, com cada detalhe. Se voc\u00ea precisou pesquisar informa\u00e7\u00f5es sobre gesta\u00e7\u00e3o sub-rogada \u00e9 porque tem por tr\u00e1s uma hist\u00f3ria cheia de dificuldades. N\u00f3s nos encarregamos disso. Da sua luta contra a infertilidade e do que acarreta se deslocar a outro pa\u00eds para realizar um tratamento deste tipo. Por isso escolhemos os melhores especialistas e colocamos ao nosso servi\u00e7o a tecnologia mais avan\u00e7ada para multiplicar no m\u00e1ximo as possibilidades de sucesso na primeira tentativa. N\u00e3o tomamos com leveza o fato de ser l\u00edderes no setor. Sabemos que colocamos a vara muito alta e cada caso \u00e9 uma nova oportunidade para superar isso.<\/p>\n<\/div>\n<div class=\"col-md-5 padding-top-md\">\n[video-testimonials]\n<\/div>\n<\/p><\/div>\n<\/div>\n<\/div>\n<p>&nbsp;<\/p>\n<div class=\"container\">\n<div class=\"col-md-12 bg-white\">\n<div class=\"row padding-md\">\n<div class=\"col-md-4\">\n<h3>Fam\u00edlias completas <br \/><span class=\"text-color-1\"> de 73 pa\u00edses<\/span><\/h3>\n<p>Na New Life temos ajudado casais e pais solteiros de 73 pa\u00edses a ter os seus beb\u00eas. Isso nos forneceu um detalhado conhecimento dos documentos requeridos pela maioria dos consulados. As nossas coordenadoras de aten\u00e7\u00e3o aos pais ap\u00f3s o nascimento ir\u00e3o ajud\u00e1-los a gerenciar toda a documenta\u00e7\u00e3o necess\u00e1ria para que possam voltar para casa com o seu beb\u00ea t\u00e3o pronto quanto for poss\u00edvel.<\/p>\n<h3>Fale com pais que tiveram <br \/><span class=\"text-color-1\">o seu beb\u00ea com a New Life <\/span><\/h3>\n<p>Trabalhamos com um sistema de refer\u00eancias internas. Pe\u00e7a para n\u00f3s e o contataremos com um casal que j\u00e1 teve o seu beb\u00ea conosco, para que possa lhes contar como trabalhamos.\n<\/p><\/div>\n<div class=\"col-md-8 border-left\">\n<div class=\"row\">\n<div class=\"col-md-8\">\n<h3 class=\"upper\">\u00c9 um prazer lhes dar <span class=\"text-color-1\">as boas-vindas \u00e0 New Life <\/span><\/h3>\n<p class=\"text-justify\">Gostaria de agradecer por depositar em n\u00f3s a sua confian\u00e7a. De cora\u00e7\u00e3o acredito que toda pessoa respons\u00e1vel merece a oportunidade de viver a experi\u00eancia de ter uma fam\u00edlia. Provavelmente voc\u00ea j\u00e1 passou por v\u00e1rias tentativas falhadas de ter um filho. A viajem \u00e0 maternidade sub-rogada est\u00e1 repleta de d\u00favidas e emo\u00e7\u00f5es muito intensas. Por experi\u00eancia pr\u00f3pria posso dizer que\u00a0\u00a1\u00e9 cedo demais para se desistir! Antes de ser m\u00e3e, precisei passar por um caos de 11 fertiliza\u00e7\u00f5es\u00a0in vitro\u00a0falhadas, endometriose e quatro cirurgias. De tanto esfor\u00e7o apenas conseguimos uma gravidez ect\u00f3pica. Finalmente, foi claro que a maternidade sub-rogada era a nossa \u00fanica chance. Com ajuda de duas gestantes maravilhosas em 2011 o meu marido e eu realizamos o nosso sonho de ampliar a fam\u00edlia. Conhe\u00e7o por experi\u00eancia pr\u00f3pria a \u00e1rdua luta contra a infertilidade, e estou aqui para acompanhar voc\u00eas nessa caminhada. <\/p>\n<\/div>\n<div class=\"col-md-4 margin-top-md\">\n<img decoding=\"async\" class=\"img-responsive\" src=\"https:\/\/www.newlifegeorgia.com\/wp-content\/uploads\/2018\/02\/Mariam-Kukunashvili.jpg\" alt=\"\" \/><\/p>\n<p>Mariam Kukunashvili,<br \/>\n<i>Fundadora \/ Diretora<\/i><\/p>\n<\/div>\n<\/div>\n<\/div>\n<\/div>\n<\/div>\n<div class=\"row\">\n<div class=\"col-md-6 margin-top-lg margin-bottom-lg\">\n<div class=\"transparent-orange-dark\">\n<h3 class=\"text-white text-center no-margin-top padding-md\">Tratamentos garantidos<\/h3>\n<\/div>\n<div class=\"bg-white text-center padding-lg\"><button class=\"btn btn-lg btn-nl-inv cm\" type=\"button\">Entre em contato<\/button> <a class=\"btn btn-lg btn-nl-orange\" href=\"\/como-empezar\/\">Saiba mais<\/a><\/div>\n<\/div>\n<div class=\"col-md-6 margin-top-lg margin-bottom-lg\">\n<div class=\"transparent-orange-dark\">\n<h3 class=\"text-white text-center no-margin-top padding-md\">Doadores de \u00f3vulos<\/h3>\n<\/div>\n<div class=\"bg-white text-center padding-lg\"><button class=\"btn btn-lg btn-nl-inv cm\" type=\"button\">Entre em contato<\/button> <a class=\"btn btn-lg btn-nl-orange\" href=\"\/donacion-de-ovulos\/\">Saiba mais<\/a><\/div>\n<\/div>\n","protected":false},"excerpt":{"rendered":"<p>Excelente cuidado com as gestantes As m\u00e3es substitutas s\u00e3o o pilar sobre o qual se sustenta todo o processo de gesta\u00e7\u00e3o sub-rogada. Por isso ficamos atentos n\u00e3o somente \u00e0 evolu\u00e7\u00e3o m\u00e9dica da gravidez, mas tamb\u00e9m ao seu estado de \u00e2nimo e garantimos que esteja o melhor poss\u00edvel. Uma gestante bem cuidada \u00e9 um requisito indispens\u00e1vel [&hellip;]<\/p>\n","protected":false},"author":1,"featured_media":0,"parent":0,"menu_order":0,"comment_status":"closed","ping_status":"closed","template":"full-width.php","meta":{"footnotes":""},"class_list":["post-170","page","type-page","status-publish","hentry"],"_links":{"self":[{"href":"https:\/\/maternidadporsubrogacion.com\/pt\/wp-json\/wp\/v2\/pages\/170","targetHints":{"allow":["GET"]}}],"collection":[{"href":"https:\/\/maternidadporsubrogacion.com\/pt\/wp-json\/wp\/v2\/pages"}],"about":[{"href":"https:\/\/maternidadporsubrogacion.com\/pt\/wp-json\/wp\/v2\/types\/page"}],"author":[{"embeddable":true,"href":"https:\/\/maternidadporsubrogacion.com\/pt\/wp-json\/wp\/v2\/users\/1"}],"replies":[{"embeddable":true,"href":"https:\/\/maternidadporsubrogacion.com\/pt\/wp-json\/wp\/v2\/comments?post=170"}],"version-history":[{"count":5,"href":"https:\/\/maternidadporsubrogacion.com\/pt\/wp-json\/wp\/v2\/pages\/170\/revisions"}],"predecessor-version":[{"id":304,"href":"https:\/\/maternidadporsubrogacion.com\/pt\/wp-json\/wp\/v2\/pages\/170\/revisions\/304"}],"wp:attachment":[{"href":"https:\/\/maternidadporsubrogacion.com\/pt\/wp-json\/wp\/v2\/media?parent=170"}],"curies":[{"name":"wp","href":"https:\/\/api.w.org\/{rel}","templated":true}]}}