{"id":106,"date":"2018-05-08T05:03:47","date_gmt":"2018-05-08T05:03:47","guid":{"rendered":"http:\/\/maternidadporsubrogacion.com\/?page_id=106"},"modified":"2018-05-08T05:03:47","modified_gmt":"2018-05-08T05:03:47","slug":"como-empezar","status":"publish","type":"page","link":"https:\/\/maternidadporsubrogacion.com\/pt\/como-empezar\/","title":{"rendered":"\u00bfC\u00f3mo empezar?"},"content":{"rendered":"<h2>\u00bfC\u00f3mo empezar?<\/h2>\n<p>Muchos padres se sienten perdidos a la hora de empezar un tratamiento de maternidad subrogada. Se trata de un proceso complejo en el que entran en juego numerosos factores, tanto m\u00e9dicos y legales como emocionales y log\u00edsticos.<\/p>\n<p>En New Life hemos ayudado a miles de parejas a tener a sus hijos por lo que contamos con una vasta experiencia a la hora de asesorarles sobre c\u00f3mo organizar el proceso de principio a fin.<br \/>\nUn primer paso es escoger el tipo de paquete que mejor se ajusta a las necesidades y circunstancias de los padres de intenci\u00f3n. Por favor cont\u00e1ctenos para que le enviemos presupuesto a medida.<br \/>\nSi usted requiere de tratamientos espec\u00edficos como por ejemplo selecci\u00f3n de sexo o lavado de esperma por favor d\u00edganoslo ya desde un primer contacto puesto que, en ocasiones por motivos legales, algunos tratamientos no est\u00e1n disponibles en todas nuestras cl\u00ednicas. Tambi\u00e9n es importante tener en cuenta que algunos pa\u00edses restringen la edad de la madre de intenci\u00f3n.<\/p>\n<p>A la hora de escoger pa\u00eds de destino un factor a tener en cuenta es el tiempo de espera estimado para el pasaporte del beb\u00e9 en su consulado correspondiente.<\/p>\n<p>Otro aspecto importante es, en caso de ser necesaria ovodonaci\u00f3n, el lugar de residencia de la donante para evitar el coste extra que implica que esta se desplace al pa\u00eds de destino de los padres. <\/p>\n","protected":false},"excerpt":{"rendered":"<p>\u00bfC\u00f3mo empezar? Muchos padres se sienten perdidos a la hora de empezar un tratamiento de maternidad subrogada. Se trata de un proceso complejo en el que entran en juego numerosos factores, tanto m\u00e9dicos y legales como emocionales y log\u00edsticos. En New Life hemos ayudado a miles de parejas a tener a sus hijos por lo [&hellip;]<\/p>\n","protected":false},"author":1,"featured_media":0,"parent":0,"menu_order":0,"comment_status":"closed","ping_status":"closed","template":"","meta":{"footnotes":""},"class_list":["post-106","page","type-page","status-publish","hentry"],"_links":{"self":[{"href":"https:\/\/maternidadporsubrogacion.com\/pt\/wp-json\/wp\/v2\/pages\/106","targetHints":{"allow":["GET"]}}],"collection":[{"href":"https:\/\/maternidadporsubrogacion.com\/pt\/wp-json\/wp\/v2\/pages"}],"about":[{"href":"https:\/\/maternidadporsubrogacion.com\/pt\/wp-json\/wp\/v2\/types\/page"}],"author":[{"embeddable":true,"href":"https:\/\/maternidadporsubrogacion.com\/pt\/wp-json\/wp\/v2\/users\/1"}],"replies":[{"embeddable":true,"href":"https:\/\/maternidadporsubrogacion.com\/pt\/wp-json\/wp\/v2\/comments?post=106"}],"version-history":[{"count":0,"href":"https:\/\/maternidadporsubrogacion.com\/pt\/wp-json\/wp\/v2\/pages\/106\/revisions"}],"wp:attachment":[{"href":"https:\/\/maternidadporsubrogacion.com\/pt\/wp-json\/wp\/v2\/media?parent=106"}],"curies":[{"name":"wp","href":"https:\/\/api.w.org\/{rel}","templated":true}]}}