{"id":104,"date":"2018-05-08T05:03:02","date_gmt":"2018-05-08T05:03:02","guid":{"rendered":"http:\/\/maternidadporsubrogacion.com\/?page_id=104"},"modified":"2018-05-08T05:03:02","modified_gmt":"2018-05-08T05:03:02","slug":"fecundacion-in-vitro","status":"publish","type":"page","link":"https:\/\/maternidadporsubrogacion.com\/pt\/fecundacion-in-vitro\/","title":{"rendered":"Fecundaci\u00f3n in vitro"},"content":{"rendered":"<p>Fecundaci\u00f3n in vitro<\/p>\n<p>En cada uno de los pa\u00edses en que trabajamos nos asociamos con las cl\u00ednicas de fecundaci\u00f3n in vitro que gozan de mejor reputaci\u00f3n.<br \/>\nPara nosotros es primordial que las bases \u00e9ticas de la cl\u00ednica sean incuestionables. Y por supuesto, tenemos en cuenta sus \u00edndices de \u00e9xito general.<br \/>\nAntes de colaborar con una cl\u00ednica repasamos cuidadosamente la experiencia y la formaci\u00f3n de los especialistas all\u00ed empleados, as\u00ed como observar hasta el m\u00e1s m\u00ednimo detalle de su equipamiento t\u00e9cnico y conocimiento de los \u00faltimos avances en materia de reproducci\u00f3n asistida.<br \/>\nNuestros altos \u00edndices de \u00e9xito son por supuesto motivo de orgullo, pero tambi\u00e9n lo es que para nosotros es de extrema importancia que la comunicaci\u00f3n sea efectiva y r\u00e1pida, y que podamos adaptarnos en todo momento a cada caso en particular. Usted contar\u00e1 en todo momento con un especialista que le asesorar\u00e1 en cuanto a qu\u00e9 t\u00e9cnicas son las que mejor se adaptan a su caso. Estaremos en todo momento dispuestos a escucharle y en la medida de lo posible a integrar sus preferencias en el curso general del tratamiento.<\/p>\n","protected":false},"excerpt":{"rendered":"<p>Fecundaci\u00f3n in vitro En cada uno de los pa\u00edses en que trabajamos nos asociamos con las cl\u00ednicas de fecundaci\u00f3n in vitro que gozan de mejor reputaci\u00f3n. Para nosotros es primordial que las bases \u00e9ticas de la cl\u00ednica sean incuestionables. Y por supuesto, tenemos en cuenta sus \u00edndices de \u00e9xito general. Antes de colaborar con una [&hellip;]<\/p>\n","protected":false},"author":1,"featured_media":0,"parent":0,"menu_order":0,"comment_status":"closed","ping_status":"closed","template":"","meta":{"footnotes":""},"class_list":["post-104","page","type-page","status-publish","hentry"],"_links":{"self":[{"href":"https:\/\/maternidadporsubrogacion.com\/pt\/wp-json\/wp\/v2\/pages\/104","targetHints":{"allow":["GET"]}}],"collection":[{"href":"https:\/\/maternidadporsubrogacion.com\/pt\/wp-json\/wp\/v2\/pages"}],"about":[{"href":"https:\/\/maternidadporsubrogacion.com\/pt\/wp-json\/wp\/v2\/types\/page"}],"author":[{"embeddable":true,"href":"https:\/\/maternidadporsubrogacion.com\/pt\/wp-json\/wp\/v2\/users\/1"}],"replies":[{"embeddable":true,"href":"https:\/\/maternidadporsubrogacion.com\/pt\/wp-json\/wp\/v2\/comments?post=104"}],"version-history":[{"count":0,"href":"https:\/\/maternidadporsubrogacion.com\/pt\/wp-json\/wp\/v2\/pages\/104\/revisions"}],"wp:attachment":[{"href":"https:\/\/maternidadporsubrogacion.com\/pt\/wp-json\/wp\/v2\/media?parent=104"}],"curies":[{"name":"wp","href":"https:\/\/api.w.org\/{rel}","templated":true}]}}