{"id":102,"date":"2018-05-08T05:02:04","date_gmt":"2018-05-08T05:02:04","guid":{"rendered":"http:\/\/maternidadporsubrogacion.com\/?page_id=102"},"modified":"2018-05-08T05:02:04","modified_gmt":"2018-05-08T05:02:04","slug":"asistencia-con-envio-de-embriones","status":"publish","type":"page","link":"https:\/\/maternidadporsubrogacion.com\/pt\/asistencia-con-envio-de-embriones\/","title":{"rendered":"Asistencia con env\u00edo de embriones"},"content":{"rendered":"<h2>Asistencia con env\u00edo de embriones<\/h2>\n<p>En New Life no gestionamos directamente el transporte de embriones. Este tr\u00e1mite deben realizarlo agencias especializadas en el manejo de este tipo de env\u00edos. Nosotros sin embargo podemos facilitarles el contacto de varias compa\u00f1\u00edas y ayudarles con todo el papeleo requerido. Debido a la legislaci\u00f3n imperante se requieren varios permisos a nivel oficial para poder enviar embriones fuera de la Uni\u00f3n Europea, es un proceso que puede demorarse varias semanas. Estaremos encantados de asistirles durante el proceso de env\u00edo pero la responsabilidad \u00faltima de este recae en la empresa que lo gestione. <\/p>\n","protected":false},"excerpt":{"rendered":"<p>Asistencia con env\u00edo de embriones En New Life no gestionamos directamente el transporte de embriones. Este tr\u00e1mite deben realizarlo agencias especializadas en el manejo de este tipo de env\u00edos. Nosotros sin embargo podemos facilitarles el contacto de varias compa\u00f1\u00edas y ayudarles con todo el papeleo requerido. Debido a la legislaci\u00f3n imperante se requieren varios permisos [&hellip;]<\/p>\n","protected":false},"author":1,"featured_media":0,"parent":0,"menu_order":0,"comment_status":"closed","ping_status":"closed","template":"","meta":{"footnotes":""},"class_list":["post-102","page","type-page","status-publish","hentry"],"_links":{"self":[{"href":"https:\/\/maternidadporsubrogacion.com\/pt\/wp-json\/wp\/v2\/pages\/102","targetHints":{"allow":["GET"]}}],"collection":[{"href":"https:\/\/maternidadporsubrogacion.com\/pt\/wp-json\/wp\/v2\/pages"}],"about":[{"href":"https:\/\/maternidadporsubrogacion.com\/pt\/wp-json\/wp\/v2\/types\/page"}],"author":[{"embeddable":true,"href":"https:\/\/maternidadporsubrogacion.com\/pt\/wp-json\/wp\/v2\/users\/1"}],"replies":[{"embeddable":true,"href":"https:\/\/maternidadporsubrogacion.com\/pt\/wp-json\/wp\/v2\/comments?post=102"}],"version-history":[{"count":0,"href":"https:\/\/maternidadporsubrogacion.com\/pt\/wp-json\/wp\/v2\/pages\/102\/revisions"}],"wp:attachment":[{"href":"https:\/\/maternidadporsubrogacion.com\/pt\/wp-json\/wp\/v2\/media?parent=102"}],"curies":[{"name":"wp","href":"https:\/\/api.w.org\/{rel}","templated":true}]}}