{"id":100,"date":"2018-05-08T05:01:41","date_gmt":"2018-05-08T05:01:41","guid":{"rendered":"http:\/\/maternidadporsubrogacion.com\/?page_id=100"},"modified":"2018-05-08T05:01:41","modified_gmt":"2018-05-08T05:01:41","slug":"criopreservacion-de-embriones-y-esperma","status":"publish","type":"page","link":"https:\/\/maternidadporsubrogacion.com\/pt\/criopreservacion-de-embriones-y-esperma\/","title":{"rendered":"Criopreservaci\u00f3n de embriones y esperma"},"content":{"rendered":"<h2>Criopreservaci\u00f3n de embriones y esperma<\/h2>\n<p>Lo m\u00e1s com\u00fan es que una fecundaci\u00f3n in vitro d\u00e9 lugar a m\u00e1s de un embri\u00f3n. Por eso a menudo es necesario congelar los embriones que no han sido transferidos en fresco. Este proceso no altera la calidad de los embriones. <\/p>\n<p>La t\u00e9cnica de vitrificaci\u00f3n que aplicamos en nuestras cl\u00ednicas es muy poco agresiva con los embriones, y a diferencia de la congelaci\u00f3n lenta que se practicaba hasta hace poco, no reduce las probabilidades de \u00e9xito en implantaciones posteriores. La vitrificaci\u00f3n embrionaria enfr\u00eda las c\u00e9lulas a una velocidad tal que no hay tiempo de que se forme hielo que pudiera da\u00f1ar las c\u00e9lulas. <\/p>\n","protected":false},"excerpt":{"rendered":"<p>Criopreservaci\u00f3n de embriones y esperma Lo m\u00e1s com\u00fan es que una fecundaci\u00f3n in vitro d\u00e9 lugar a m\u00e1s de un embri\u00f3n. Por eso a menudo es necesario congelar los embriones que no han sido transferidos en fresco. Este proceso no altera la calidad de los embriones. La t\u00e9cnica de vitrificaci\u00f3n que aplicamos en nuestras cl\u00ednicas [&hellip;]<\/p>\n","protected":false},"author":1,"featured_media":0,"parent":0,"menu_order":0,"comment_status":"closed","ping_status":"closed","template":"","meta":{"footnotes":""},"class_list":["post-100","page","type-page","status-publish","hentry"],"_links":{"self":[{"href":"https:\/\/maternidadporsubrogacion.com\/pt\/wp-json\/wp\/v2\/pages\/100","targetHints":{"allow":["GET"]}}],"collection":[{"href":"https:\/\/maternidadporsubrogacion.com\/pt\/wp-json\/wp\/v2\/pages"}],"about":[{"href":"https:\/\/maternidadporsubrogacion.com\/pt\/wp-json\/wp\/v2\/types\/page"}],"author":[{"embeddable":true,"href":"https:\/\/maternidadporsubrogacion.com\/pt\/wp-json\/wp\/v2\/users\/1"}],"replies":[{"embeddable":true,"href":"https:\/\/maternidadporsubrogacion.com\/pt\/wp-json\/wp\/v2\/comments?post=100"}],"version-history":[{"count":0,"href":"https:\/\/maternidadporsubrogacion.com\/pt\/wp-json\/wp\/v2\/pages\/100\/revisions"}],"wp:attachment":[{"href":"https:\/\/maternidadporsubrogacion.com\/pt\/wp-json\/wp\/v2\/media?parent=100"}],"curies":[{"name":"wp","href":"https:\/\/api.w.org\/{rel}","templated":true}]}}